{"id":20,"date":"2023-01-22T11:00:00","date_gmt":"2023-01-22T11:00:00","guid":{"rendered":"https:\/\/challenge-multisports-plailly.fr\/index.php\/activities\/"},"modified":"2026-01-16T14:31:31","modified_gmt":"2026-01-16T14:31:31","slug":"inscription","status":"publish","type":"page","link":"https:\/\/challenge-multisports-plailly.fr\/index.php\/inscription\/","title":{"rendered":"INSCRIPTION"},"content":{"rendered":"\n<div class=\"wp-block-columns alignwide is-layout-flex wp-container-core-columns-is-layout-28f84493 wp-block-columns-is-layout-flex\">\n<div class=\"wp-block-column is-layout-flow wp-block-column-is-layout-flow\">\n<div class=\"wp-block-buttons is-layout-flex wp-block-buttons-is-layout-flex\">\n<div class=\"wp-block-button\"><a class=\"wp-block-button__link wp-element-button\" href=\"https:\/\/challenge-multisports-plailly.fr\/wp-content\/uploads\/2026\/01\/Challenge-2026_Trombi.pdf\" target=\"_blank\" rel=\"noreferrer noopener\">FICHE PHOTOS<\/a><\/div>\n\n\n\n<div class=\"wp-block-button\"><a class=\"wp-block-button__link wp-element-button\" href=\"https:\/\/challenge-multisports-plailly.fr\/wp-content\/uploads\/2026\/01\/Challenge-2026_Inscriptions.pdf\" target=\"_blank\" rel=\"noreferrer noopener\">COUPON INSCRIPTION<\/a><\/div>\n<\/div>\n\n\n\n<p><\/p>\n\n\n\n<figure class=\"wp-block-image size-full\"><img loading=\"lazy\" decoding=\"async\" width=\"1414\" height=\"2000\" src=\"https:\/\/challenge-multisports-plailly.fr\/wp-content\/uploads\/2026\/01\/affiche_2026.png\" alt=\"\" class=\"wp-image-3867\" srcset=\"https:\/\/challenge-multisports-plailly.fr\/wp-content\/uploads\/2026\/01\/affiche_2026.png 1414w, https:\/\/challenge-multisports-plailly.fr\/wp-content\/uploads\/2026\/01\/affiche_2026-212x300.png 212w, https:\/\/challenge-multisports-plailly.fr\/wp-content\/uploads\/2026\/01\/affiche_2026-724x1024.png 724w, https:\/\/challenge-multisports-plailly.fr\/wp-content\/uploads\/2026\/01\/affiche_2026-768x1086.png 768w, https:\/\/challenge-multisports-plailly.fr\/wp-content\/uploads\/2026\/01\/affiche_2026-1086x1536.png 1086w\" sizes=\"auto, (max-width: 1414px) 100vw, 1414px\" \/><\/figure>\n<\/div>\n\n\n\n<div class=\"wp-block-column is-layout-flow wp-block-column-is-layout-flow\">\n<ul class=\"wp-block-list\">\n<li>Le droit d\u2019inscription est de <strong>23\u20ac<\/strong> par participant<\/li>\n\n\n\n<li>Seules les <strong>40 premi\u00e8res \u00e9quipes<\/strong> avec un dossier complet pourront participer<\/li>\n\n\n\n<li>Chaque \u00e9quipe doit \u00eatre compos\u00e9e de 12 (3 participantes minimum)<\/li>\n\n\n\n<li>Chaque \u00e9quipe s\u2019engage \u00e0 participer \u00e0 toutes les \u00e9preuves<\/li>\n\n\n\n<li>Un m\u00eame participant ne peut s\u2019inscrire dans plusieurs \u00e9quipes<\/li>\n<\/ul>\n\n\n\n<ul class=\"wp-block-list has-luminous-vivid-orange-color has-text-color\">\n<li>Les \u00e9quipes devront se pr\u00e9senter au complet, au gymnase le samedi<br>\u00e0 8h30 et les capitaines seuls, le dimanche \u00e0 8h00 pour le briefing.<\/li>\n\n\n\n<li>Les organisateurs se r\u00e9servent le droit d\u2019annuler le challenge<br>ou une \u00e9preuve en cas de force majeure<\/li>\n<\/ul>\n\n\n\n<figure class=\"wp-block-image size-large\"><img loading=\"lazy\" decoding=\"async\" width=\"1400\" height=\"787\" src=\"https:\/\/challenge-multisports-plailly.fr\/wp-content\/uploads\/2024\/01\/DSC_5986-edited.jpg\" alt=\"\" class=\"wp-image-1162\" srcset=\"https:\/\/challenge-multisports-plailly.fr\/wp-content\/uploads\/2024\/01\/DSC_5986-edited.jpg 1400w, https:\/\/challenge-multisports-plailly.fr\/wp-content\/uploads\/2024\/01\/DSC_5986-edited-300x169.jpg 300w, https:\/\/challenge-multisports-plailly.fr\/wp-content\/uploads\/2024\/01\/DSC_5986-edited-1024x576.jpg 1024w, https:\/\/challenge-multisports-plailly.fr\/wp-content\/uploads\/2024\/01\/DSC_5986-edited-768x432.jpg 768w\" sizes=\"auto, (max-width: 1400px) 100vw, 1400px\" \/><\/figure>\n\n\n\n<figure class=\"wp-block-image size-large\"><img loading=\"lazy\" decoding=\"async\" width=\"1400\" height=\"787\" src=\"https:\/\/challenge-multisports-plailly.fr\/wp-content\/uploads\/2024\/01\/DSC_5729-edited.jpg\" alt=\"\" class=\"wp-image-1163\" srcset=\"https:\/\/challenge-multisports-plailly.fr\/wp-content\/uploads\/2024\/01\/DSC_5729-edited.jpg 1400w, https:\/\/challenge-multisports-plailly.fr\/wp-content\/uploads\/2024\/01\/DSC_5729-edited-300x169.jpg 300w, https:\/\/challenge-multisports-plailly.fr\/wp-content\/uploads\/2024\/01\/DSC_5729-edited-1024x576.jpg 1024w, https:\/\/challenge-multisports-plailly.fr\/wp-content\/uploads\/2024\/01\/DSC_5729-edited-768x432.jpg 768w\" sizes=\"auto, (max-width: 1400px) 100vw, 1400px\" \/><\/figure>\n<\/div>\n<\/div>\n\n\n\n<div class=\"wp-block-columns alignwide is-layout-flex wp-container-core-columns-is-layout-28f84493 wp-block-columns-is-layout-flex\">\n<div class=\"wp-block-column is-layout-flow wp-block-column-is-layout-flow\">\n<figure class=\"wp-block-image size-large\"><img loading=\"lazy\" decoding=\"async\" width=\"1024\" height=\"683\" src=\"https:\/\/challenge-multisports-plailly.fr\/wp-content\/uploads\/2023\/01\/DSC_8282_03-1024x683.jpg\" alt=\"\" class=\"wp-image-136\" srcset=\"https:\/\/challenge-multisports-plailly.fr\/wp-content\/uploads\/2023\/01\/DSC_8282_03-1024x683.jpg 1024w, https:\/\/challenge-multisports-plailly.fr\/wp-content\/uploads\/2023\/01\/DSC_8282_03-300x200.jpg 300w, https:\/\/challenge-multisports-plailly.fr\/wp-content\/uploads\/2023\/01\/DSC_8282_03-768x513.jpg 768w, https:\/\/challenge-multisports-plailly.fr\/wp-content\/uploads\/2023\/01\/DSC_8282_03-1536x1025.jpg 1536w, https:\/\/challenge-multisports-plailly.fr\/wp-content\/uploads\/2023\/01\/DSC_8282_03.jpg 1798w\" sizes=\"auto, (max-width: 1024px) 100vw, 1024px\" \/><\/figure>\n<\/div>\n\n\n\n<div class=\"wp-block-column is-layout-flow wp-block-column-is-layout-flow\">\n<figure class=\"wp-block-image size-large\"><img loading=\"lazy\" decoding=\"async\" width=\"1024\" height=\"684\" src=\"https:\/\/challenge-multisports-plailly.fr\/wp-content\/uploads\/2023\/01\/DSC_1243-2-1280x960-1-1024x684.jpg\" alt=\"\" class=\"wp-image-127\" srcset=\"https:\/\/challenge-multisports-plailly.fr\/wp-content\/uploads\/2023\/01\/DSC_1243-2-1280x960-1-1024x684.jpg 1024w, https:\/\/challenge-multisports-plailly.fr\/wp-content\/uploads\/2023\/01\/DSC_1243-2-1280x960-1-300x200.jpg 300w, https:\/\/challenge-multisports-plailly.fr\/wp-content\/uploads\/2023\/01\/DSC_1243-2-1280x960-1-768x513.jpg 768w, https:\/\/challenge-multisports-plailly.fr\/wp-content\/uploads\/2023\/01\/DSC_1243-2-1280x960-1.jpg 1280w\" sizes=\"auto, (max-width: 1024px) 100vw, 1024px\" \/><\/figure>\n<\/div>\n<\/div>\n\n\n\n<div class=\"wp-block-columns alignwide is-layout-flex wp-container-core-columns-is-layout-28f84493 wp-block-columns-is-layout-flex\">\n<div class=\"wp-block-column is-layout-flow wp-block-column-is-layout-flow\">\n<figure class=\"wp-block-image size-large\"><img loading=\"lazy\" decoding=\"async\" width=\"1024\" height=\"684\" src=\"https:\/\/challenge-multisports-plailly.fr\/wp-content\/uploads\/2023\/01\/DSC_1234-2-1280x960-1-1024x684.jpg\" alt=\"\" class=\"wp-image-126\" srcset=\"https:\/\/challenge-multisports-plailly.fr\/wp-content\/uploads\/2023\/01\/DSC_1234-2-1280x960-1-1024x684.jpg 1024w, https:\/\/challenge-multisports-plailly.fr\/wp-content\/uploads\/2023\/01\/DSC_1234-2-1280x960-1-300x200.jpg 300w, https:\/\/challenge-multisports-plailly.fr\/wp-content\/uploads\/2023\/01\/DSC_1234-2-1280x960-1-768x513.jpg 768w, https:\/\/challenge-multisports-plailly.fr\/wp-content\/uploads\/2023\/01\/DSC_1234-2-1280x960-1.jpg 1280w\" sizes=\"auto, (max-width: 1024px) 100vw, 1024px\" \/><\/figure>\n<\/div>\n\n\n\n<div class=\"wp-block-column is-layout-flow wp-block-column-is-layout-flow\">\n<figure class=\"wp-block-image size-large\"><img loading=\"lazy\" decoding=\"async\" width=\"1024\" height=\"683\" src=\"https:\/\/challenge-multisports-plailly.fr\/wp-content\/uploads\/2023\/01\/DSC_8072-1024x683.jpg\" alt=\"\" class=\"wp-image-133\" srcset=\"https:\/\/challenge-multisports-plailly.fr\/wp-content\/uploads\/2023\/01\/DSC_8072-1024x683.jpg 1024w, https:\/\/challenge-multisports-plailly.fr\/wp-content\/uploads\/2023\/01\/DSC_8072-300x200.jpg 300w, https:\/\/challenge-multisports-plailly.fr\/wp-content\/uploads\/2023\/01\/DSC_8072-768x513.jpg 768w, https:\/\/challenge-multisports-plailly.fr\/wp-content\/uploads\/2023\/01\/DSC_8072-1536x1025.jpg 1536w, https:\/\/challenge-multisports-plailly.fr\/wp-content\/uploads\/2023\/01\/DSC_8072.jpg 1798w\" sizes=\"auto, (max-width: 1024px) 100vw, 1024px\" \/><\/figure>\n<\/div>\n<\/div>\n\n\n\n<div class=\"wp-block-columns alignwide is-layout-flex wp-container-core-columns-is-layout-28f84493 wp-block-columns-is-layout-flex\">\n<div class=\"wp-block-column is-layout-flow wp-block-column-is-layout-flow\">\n<figure class=\"wp-block-image size-large\"><img loading=\"lazy\" decoding=\"async\" width=\"1024\" height=\"683\" src=\"https:\/\/challenge-multisports-plailly.fr\/wp-content\/uploads\/2023\/01\/DSC_8957-1024x683.jpg\" alt=\"\" class=\"wp-image-137\" srcset=\"https:\/\/challenge-multisports-plailly.fr\/wp-content\/uploads\/2023\/01\/DSC_8957-1024x683.jpg 1024w, https:\/\/challenge-multisports-plailly.fr\/wp-content\/uploads\/2023\/01\/DSC_8957-300x200.jpg 300w, https:\/\/challenge-multisports-plailly.fr\/wp-content\/uploads\/2023\/01\/DSC_8957-768x513.jpg 768w, https:\/\/challenge-multisports-plailly.fr\/wp-content\/uploads\/2023\/01\/DSC_8957-1536x1025.jpg 1536w, https:\/\/challenge-multisports-plailly.fr\/wp-content\/uploads\/2023\/01\/DSC_8957.jpg 1798w\" sizes=\"auto, (max-width: 1024px) 100vw, 1024px\" \/><\/figure>\n<\/div>\n\n\n\n<div class=\"wp-block-column is-layout-flow wp-block-column-is-layout-flow\">\n<figure class=\"wp-block-image size-large\"><img loading=\"lazy\" decoding=\"async\" width=\"1024\" height=\"684\" src=\"https:\/\/challenge-multisports-plailly.fr\/wp-content\/uploads\/2023\/01\/DSC_1811-2-1024x684.jpg\" alt=\"\" class=\"wp-image-128\" srcset=\"https:\/\/challenge-multisports-plailly.fr\/wp-content\/uploads\/2023\/01\/DSC_1811-2-1024x684.jpg 1024w, https:\/\/challenge-multisports-plailly.fr\/wp-content\/uploads\/2023\/01\/DSC_1811-2-300x200.jpg 300w, https:\/\/challenge-multisports-plailly.fr\/wp-content\/uploads\/2023\/01\/DSC_1811-2-768x513.jpg 768w, https:\/\/challenge-multisports-plailly.fr\/wp-content\/uploads\/2023\/01\/DSC_1811-2.jpg 1400w\" sizes=\"auto, (max-width: 1024px) 100vw, 1024px\" \/><\/figure>\n<\/div>\n<\/div>\n","protected":false},"excerpt":{"rendered":"","protected":false},"author":1,"featured_media":0,"parent":0,"menu_order":2,"comment_status":"closed","ping_status":"closed","template":"","meta":{"ngg_post_thumbnail":0,"footnotes":""},"class_list":["post-20","page","type-page","status-publish","hentry"],"_links":{"self":[{"href":"https:\/\/challenge-multisports-plailly.fr\/index.php\/wp-json\/wp\/v2\/pages\/20","targetHints":{"allow":["GET"]}}],"collection":[{"href":"https:\/\/challenge-multisports-plailly.fr\/index.php\/wp-json\/wp\/v2\/pages"}],"about":[{"href":"https:\/\/challenge-multisports-plailly.fr\/index.php\/wp-json\/wp\/v2\/types\/page"}],"author":[{"embeddable":true,"href":"https:\/\/challenge-multisports-plailly.fr\/index.php\/wp-json\/wp\/v2\/users\/1"}],"replies":[{"embeddable":true,"href":"https:\/\/challenge-multisports-plailly.fr\/index.php\/wp-json\/wp\/v2\/comments?post=20"}],"version-history":[{"count":26,"href":"https:\/\/challenge-multisports-plailly.fr\/index.php\/wp-json\/wp\/v2\/pages\/20\/revisions"}],"predecessor-version":[{"id":3871,"href":"https:\/\/challenge-multisports-plailly.fr\/index.php\/wp-json\/wp\/v2\/pages\/20\/revisions\/3871"}],"wp:attachment":[{"href":"https:\/\/challenge-multisports-plailly.fr\/index.php\/wp-json\/wp\/v2\/media?parent=20"}],"curies":[{"name":"wp","href":"https:\/\/api.w.org\/{rel}","templated":true}]}}