{"id":181,"date":"2023-02-24T15:11:05","date_gmt":"2023-02-24T15:11:05","guid":{"rendered":"https:\/\/challenge-multisports-plailly.fr\/?page_id=181"},"modified":"2026-03-29T15:05:29","modified_gmt":"2026-03-29T15:05:29","slug":"reglement-2025","status":"publish","type":"page","link":"https:\/\/challenge-multisports-plailly.fr\/index.php\/reglement-2025\/","title":{"rendered":"R\u00c8GLEMENT \/ PLANNING 2026"},"content":{"rendered":"\n<div class=\"wp-block-group is-content-justification-center is-layout-constrained wp-block-group-is-layout-constrained\">\n<div class=\"wp-block-buttons is-content-justification-center is-layout-flex wp-container-core-buttons-is-layout-a89b3969 wp-block-buttons-is-layout-flex\">\n<div class=\"wp-block-button\"><a class=\"wp-block-button__link wp-element-button\" href=\"https:\/\/challenge-multisports-plailly.fr\/wp-content\/uploads\/2026\/03\/REGLEMENT-CHALLENGE-2026.pdf\" target=\"_blank\" rel=\"noreferrer noopener\">T\u00c9L\u00c9CHARGER LE R\u00c8GLEMENT<\/a><\/div>\n<\/div>\n\n\n\n<div class=\"wp-block-columns is-layout-flex wp-container-core-columns-is-layout-28f84493 wp-block-columns-is-layout-flex\">\n<div class=\"wp-block-column is-layout-flow wp-block-column-is-layout-flow\">\n<div class=\"wp-block-buttons is-content-justification-center is-layout-flex wp-container-core-buttons-is-layout-a89b3969 wp-block-buttons-is-layout-flex\">\n<div class=\"wp-block-button\"><a class=\"wp-block-button__link wp-element-button\" href=\"https:\/\/challenge-multisports-plailly.fr\/wp-content\/uploads\/2025\/05\/Samedi-24-mai.pdf\">LE PLANNING DU SAMEDI 24<\/a><\/div>\n<\/div>\n<\/div>\n\n\n\n<div class=\"wp-block-column is-layout-flow wp-block-column-is-layout-flow\">\n<div class=\"wp-block-buttons is-content-justification-center is-layout-flex wp-container-core-buttons-is-layout-a89b3969 wp-block-buttons-is-layout-flex\">\n<div class=\"wp-block-button\"><a class=\"wp-block-button__link wp-element-button\" href=\"https:\/\/challenge-multisports-plailly.fr\/wp-content\/uploads\/2025\/05\/Dimanche-25-mai.pdf\">LE PLANNING DU DIMANCHE 25<\/a><\/div>\n<\/div>\n<\/div>\n<\/div>\n<\/div>\n\n\n\n<hr class=\"wp-block-separator has-alpha-channel-opacity is-style-wide\"\/>\n\n\n\n<p><\/p>\n","protected":false},"excerpt":{"rendered":"","protected":false},"author":1,"featured_media":0,"parent":0,"menu_order":3,"comment_status":"closed","ping_status":"closed","template":"","meta":{"ngg_post_thumbnail":0,"footnotes":""},"class_list":["post-181","page","type-page","status-publish","hentry"],"_links":{"self":[{"href":"https:\/\/challenge-multisports-plailly.fr\/index.php\/wp-json\/wp\/v2\/pages\/181","targetHints":{"allow":["GET"]}}],"collection":[{"href":"https:\/\/challenge-multisports-plailly.fr\/index.php\/wp-json\/wp\/v2\/pages"}],"about":[{"href":"https:\/\/challenge-multisports-plailly.fr\/index.php\/wp-json\/wp\/v2\/types\/page"}],"author":[{"embeddable":true,"href":"https:\/\/challenge-multisports-plailly.fr\/index.php\/wp-json\/wp\/v2\/users\/1"}],"replies":[{"embeddable":true,"href":"https:\/\/challenge-multisports-plailly.fr\/index.php\/wp-json\/wp\/v2\/comments?post=181"}],"version-history":[{"count":103,"href":"https:\/\/challenge-multisports-plailly.fr\/index.php\/wp-json\/wp\/v2\/pages\/181\/revisions"}],"predecessor-version":[{"id":3878,"href":"https:\/\/challenge-multisports-plailly.fr\/index.php\/wp-json\/wp\/v2\/pages\/181\/revisions\/3878"}],"wp:attachment":[{"href":"https:\/\/challenge-multisports-plailly.fr\/index.php\/wp-json\/wp\/v2\/media?parent=181"}],"curies":[{"name":"wp","href":"https:\/\/api.w.org\/{rel}","templated":true}]}}